{"id":377134,"date":"2019-08-21T16:43:47","date_gmt":"2019-08-21T15:43:47","guid":{"rendered":"https:\/\/figaroslisboa.com\/product\/hot-towel-shave\/"},"modified":"2025-11-28T12:14:05","modified_gmt":"2025-11-28T12:14:05","slug":"barba-a-navalha","status":"publish","type":"product","link":"https:\/\/figaroslisboa.com\/pt-pt\/produto\/barba-a-navalha\/","title":{"rendered":"Barba \u00e0 Navalha\/Aparar"},"content":{"rendered":"","protected":false},"excerpt":{"rendered":"<div class=\"booking-info-block\">\n<h4>Marca\u00e7\u00f5es<\/h4>\n<ul>\n<li><strong>Figaro&#8217;s Barbershop Rosemary:<\/strong> Segunda a Domingo<\/li>\n<li><strong>Figaro&#8217;s Barbershop Downtown:<\/strong> Segunda a S\u00e1bado<\/li>\n<\/ul>\n<p>Contacto: <a href=\"tel:+351213470199\">+351 213 470 199 <\/a><small>(Chamada para a rede fixa nacional)<\/small><\/p>\n<p><a class=\"box-btn box-btn-black box-btn-xs\" href=\"https:\/\/www.google.pt\/maps\/search\/Figaro's+Barbershop\/@38.7089065,-9.1393158,17z\/data=!3m1!4b1\" target=\"_blank\" rel=\"noopener noreferrer\">Abrir mapa<\/a><\/p>\n<\/div>\n","protected":false},"featured_media":452862,"template":"","meta":{"_monsterinsights_skip_tracking":false,"_monsterinsights_sitenote_active":false,"_monsterinsights_sitenote_note":"","_monsterinsights_sitenote_category":0},"product_brand":[],"product_cat":[43],"product_tag":[],"class_list":{"0":"post-377134","1":"product","2":"type-product","3":"status-publish","4":"has-post-thumbnail","6":"product_cat-servicos","8":"first","9":"instock","10":"virtual","11":"sold-individually","12":"taxable","13":"purchasable","14":"product-type-booking"},"yoast_head":"<!-- This site is optimized with the Yoast SEO plugin v26.4 - https:\/\/yoast.com\/wordpress\/plugins\/seo\/ -->\n<title>Barba \u00e0 Navalha\/Aparar | Figaro&#039;s Barbershop Lisboa<\/title>\n<meta name=\"robots\" content=\"index, follow, max-snippet:-1, max-image-preview:large, max-video-preview:-1\" \/>\n<link rel=\"canonical\" href=\"https:\/\/figaroslisboa.com\/pt-pt\/produto\/barba-a-navalha\/\" \/>\n<meta property=\"og:locale\" content=\"pt_PT\" \/>\n<meta property=\"og:type\" content=\"article\" \/>\n<meta property=\"og:title\" content=\"Barba \u00e0 Navalha\/Aparar | Figaro&#039;s Barbershop Lisboa\" \/>\n<meta property=\"og:description\" content=\"Marca\u00e7\u00f5es   Figaro&#039;s Barbershop Rosemary: Segunda a Domingo  Figaro&#039;s Barbershop Downtown: Segunda a S\u00e1bado  Contacto: +351 213 470 199 (Chamada para a rede fixa nacional)  Abrir mapa\" \/>\n<meta property=\"og:url\" content=\"https:\/\/figaroslisboa.com\/pt-pt\/produto\/barba-a-navalha\/\" \/>\n<meta property=\"og:site_name\" content=\"Figaro&#039;s Barbershop Lisboa\" \/>\n<meta property=\"article:publisher\" content=\"https:\/\/www.facebook.com\/figaroslisboa\/\" \/>\n<meta property=\"article:modified_time\" content=\"2025-11-28T12:14:05+00:00\" \/>\n<meta property=\"og:image\" content=\"https:\/\/figaroslisboa.com\/wp-content\/uploads\/2019\/08\/beard-square.png\" \/>\n\t<meta property=\"og:image:width\" content=\"1000\" \/>\n\t<meta property=\"og:image:height\" content=\"1000\" \/>\n\t<meta property=\"og:image:type\" content=\"image\/png\" \/>\n<meta name=\"twitter:card\" content=\"summary_large_image\" \/>\n<meta name=\"twitter:label1\" content=\"Tempo estimado de leitura\" \/>\n\t<meta name=\"twitter:data1\" content=\"1 minuto\" \/>\n<script type=\"application\/ld+json\" class=\"yoast-schema-graph\">{\"@context\":\"https:\/\/schema.org\",\"@graph\":[{\"@type\":\"WebPage\",\"@id\":\"https:\/\/figaroslisboa.com\/pt-pt\/produto\/barba-a-navalha\/\",\"url\":\"https:\/\/figaroslisboa.com\/pt-pt\/produto\/barba-a-navalha\/\",\"name\":\"Barba \u00e0 Navalha\/Aparar | Figaro&#039;s Barbershop Lisboa\",\"isPartOf\":{\"@id\":\"https:\/\/figaroslisboa.com\/pt-pt\/#website\"},\"primaryImageOfPage\":{\"@id\":\"https:\/\/figaroslisboa.com\/pt-pt\/produto\/barba-a-navalha\/#primaryimage\"},\"image\":{\"@id\":\"https:\/\/figaroslisboa.com\/pt-pt\/produto\/barba-a-navalha\/#primaryimage\"},\"thumbnailUrl\":\"https:\/\/figaroslisboa.com\/wp-content\/uploads\/2019\/08\/beard-square.png\",\"datePublished\":\"2019-08-21T15:43:47+00:00\",\"dateModified\":\"2025-11-28T12:14:05+00:00\",\"breadcrumb\":{\"@id\":\"https:\/\/figaroslisboa.com\/pt-pt\/produto\/barba-a-navalha\/#breadcrumb\"},\"inLanguage\":\"pt-PT\",\"potentialAction\":[{\"@type\":\"ReadAction\",\"target\":[\"https:\/\/figaroslisboa.com\/pt-pt\/produto\/barba-a-navalha\/\"]}]},{\"@type\":\"ImageObject\",\"inLanguage\":\"pt-PT\",\"@id\":\"https:\/\/figaroslisboa.com\/pt-pt\/produto\/barba-a-navalha\/#primaryimage\",\"url\":\"https:\/\/figaroslisboa.com\/wp-content\/uploads\/2019\/08\/beard-square.png\",\"contentUrl\":\"https:\/\/figaroslisboa.com\/wp-content\/uploads\/2019\/08\/beard-square.png\",\"width\":1000,\"height\":1000,\"caption\":\"\"},{\"@type\":\"BreadcrumbList\",\"@id\":\"https:\/\/figaroslisboa.com\/pt-pt\/produto\/barba-a-navalha\/#breadcrumb\",\"itemListElement\":[{\"@type\":\"ListItem\",\"position\":1,\"name\":\"Home\",\"item\":\"https:\/\/figaroslisboa.com\/pt-pt\/\"},{\"@type\":\"ListItem\",\"position\":2,\"name\":\"Products\",\"item\":\"https:\/\/figaroslisboa.com\/shop\/\"},{\"@type\":\"ListItem\",\"position\":3,\"name\":\"Barba \u00e0 Navalha\/Aparar\"}]},{\"@type\":\"WebSite\",\"@id\":\"https:\/\/figaroslisboa.com\/pt-pt\/#website\",\"url\":\"https:\/\/figaroslisboa.com\/pt-pt\/\",\"name\":\"Figaro&#039;s Barbershop Lisboa\",\"description\":\"\",\"publisher\":{\"@id\":\"https:\/\/figaroslisboa.com\/pt-pt\/#organization\"},\"potentialAction\":[{\"@type\":\"SearchAction\",\"target\":{\"@type\":\"EntryPoint\",\"urlTemplate\":\"https:\/\/figaroslisboa.com\/pt-pt\/?s={search_term_string}\"},\"query-input\":{\"@type\":\"PropertyValueSpecification\",\"valueRequired\":true,\"valueName\":\"search_term_string\"}}],\"inLanguage\":\"pt-PT\"},{\"@type\":\"Organization\",\"@id\":\"https:\/\/figaroslisboa.com\/pt-pt\/#organization\",\"name\":\"Figaro's Barbershop Lisboa\",\"url\":\"https:\/\/figaroslisboa.com\/pt-pt\/\",\"logo\":{\"@type\":\"ImageObject\",\"inLanguage\":\"pt-PT\",\"@id\":\"https:\/\/figaroslisboa.com\/pt-pt\/#\/schema\/logo\/image\/\",\"url\":\"https:\/\/figaroslisboa.com\/wp-content\/uploads\/2019\/08\/shop-default-pic.jpg\",\"contentUrl\":\"https:\/\/figaroslisboa.com\/wp-content\/uploads\/2019\/08\/shop-default-pic.jpg\",\"width\":800,\"height\":800,\"caption\":\"Figaro's Barbershop Lisboa\"},\"image\":{\"@id\":\"https:\/\/figaroslisboa.com\/pt-pt\/#\/schema\/logo\/image\/\"},\"sameAs\":[\"https:\/\/www.facebook.com\/figaroslisboa\/\",\"https:\/\/www.instagram.com\/figarosbarbershoplisboa\/\",\"https:\/\/www.youtube.com\/channel\/UCwUcdGPI0S1LSeVIkjLSryQ\"]}]}<\/script>\n<!-- \/ Yoast SEO plugin. -->","yoast_head_json":{"title":"Barba \u00e0 Navalha\/Aparar | Figaro&#039;s Barbershop Lisboa","robots":{"index":"index","follow":"follow","max-snippet":"max-snippet:-1","max-image-preview":"max-image-preview:large","max-video-preview":"max-video-preview:-1"},"canonical":"https:\/\/figaroslisboa.com\/pt-pt\/produto\/barba-a-navalha\/","og_locale":"pt_PT","og_type":"article","og_title":"Barba \u00e0 Navalha\/Aparar | Figaro&#039;s Barbershop Lisboa","og_description":"Marca\u00e7\u00f5es   Figaro's Barbershop Rosemary: Segunda a Domingo  Figaro's Barbershop Downtown: Segunda a S\u00e1bado  Contacto: +351 213 470 199 (Chamada para a rede fixa nacional)  Abrir mapa","og_url":"https:\/\/figaroslisboa.com\/pt-pt\/produto\/barba-a-navalha\/","og_site_name":"Figaro&#039;s Barbershop Lisboa","article_publisher":"https:\/\/www.facebook.com\/figaroslisboa\/","article_modified_time":"2025-11-28T12:14:05+00:00","og_image":[{"width":1000,"height":1000,"url":"https:\/\/figaroslisboa.com\/wp-content\/uploads\/2019\/08\/beard-square.png","type":"image\/png"}],"twitter_card":"summary_large_image","twitter_misc":{"Tempo estimado de leitura":"1 minuto"},"schema":{"@context":"https:\/\/schema.org","@graph":[{"@type":"WebPage","@id":"https:\/\/figaroslisboa.com\/pt-pt\/produto\/barba-a-navalha\/","url":"https:\/\/figaroslisboa.com\/pt-pt\/produto\/barba-a-navalha\/","name":"Barba \u00e0 Navalha\/Aparar | Figaro&#039;s Barbershop Lisboa","isPartOf":{"@id":"https:\/\/figaroslisboa.com\/pt-pt\/#website"},"primaryImageOfPage":{"@id":"https:\/\/figaroslisboa.com\/pt-pt\/produto\/barba-a-navalha\/#primaryimage"},"image":{"@id":"https:\/\/figaroslisboa.com\/pt-pt\/produto\/barba-a-navalha\/#primaryimage"},"thumbnailUrl":"https:\/\/figaroslisboa.com\/wp-content\/uploads\/2019\/08\/beard-square.png","datePublished":"2019-08-21T15:43:47+00:00","dateModified":"2025-11-28T12:14:05+00:00","breadcrumb":{"@id":"https:\/\/figaroslisboa.com\/pt-pt\/produto\/barba-a-navalha\/#breadcrumb"},"inLanguage":"pt-PT","potentialAction":[{"@type":"ReadAction","target":["https:\/\/figaroslisboa.com\/pt-pt\/produto\/barba-a-navalha\/"]}]},{"@type":"ImageObject","inLanguage":"pt-PT","@id":"https:\/\/figaroslisboa.com\/pt-pt\/produto\/barba-a-navalha\/#primaryimage","url":"https:\/\/figaroslisboa.com\/wp-content\/uploads\/2019\/08\/beard-square.png","contentUrl":"https:\/\/figaroslisboa.com\/wp-content\/uploads\/2019\/08\/beard-square.png","width":1000,"height":1000,"caption":""},{"@type":"BreadcrumbList","@id":"https:\/\/figaroslisboa.com\/pt-pt\/produto\/barba-a-navalha\/#breadcrumb","itemListElement":[{"@type":"ListItem","position":1,"name":"Home","item":"https:\/\/figaroslisboa.com\/pt-pt\/"},{"@type":"ListItem","position":2,"name":"Products","item":"https:\/\/figaroslisboa.com\/shop\/"},{"@type":"ListItem","position":3,"name":"Barba \u00e0 Navalha\/Aparar"}]},{"@type":"WebSite","@id":"https:\/\/figaroslisboa.com\/pt-pt\/#website","url":"https:\/\/figaroslisboa.com\/pt-pt\/","name":"Figaro&#039;s Barbershop Lisboa","description":"","publisher":{"@id":"https:\/\/figaroslisboa.com\/pt-pt\/#organization"},"potentialAction":[{"@type":"SearchAction","target":{"@type":"EntryPoint","urlTemplate":"https:\/\/figaroslisboa.com\/pt-pt\/?s={search_term_string}"},"query-input":{"@type":"PropertyValueSpecification","valueRequired":true,"valueName":"search_term_string"}}],"inLanguage":"pt-PT"},{"@type":"Organization","@id":"https:\/\/figaroslisboa.com\/pt-pt\/#organization","name":"Figaro's Barbershop Lisboa","url":"https:\/\/figaroslisboa.com\/pt-pt\/","logo":{"@type":"ImageObject","inLanguage":"pt-PT","@id":"https:\/\/figaroslisboa.com\/pt-pt\/#\/schema\/logo\/image\/","url":"https:\/\/figaroslisboa.com\/wp-content\/uploads\/2019\/08\/shop-default-pic.jpg","contentUrl":"https:\/\/figaroslisboa.com\/wp-content\/uploads\/2019\/08\/shop-default-pic.jpg","width":800,"height":800,"caption":"Figaro's Barbershop Lisboa"},"image":{"@id":"https:\/\/figaroslisboa.com\/pt-pt\/#\/schema\/logo\/image\/"},"sameAs":["https:\/\/www.facebook.com\/figaroslisboa\/","https:\/\/www.instagram.com\/figarosbarbershoplisboa\/","https:\/\/www.youtube.com\/channel\/UCwUcdGPI0S1LSeVIkjLSryQ"]}]}},"_links":{"self":[{"href":"https:\/\/figaroslisboa.com\/pt-pt\/wp-json\/wp\/v2\/product\/377134","targetHints":{"allow":["GET"]}}],"collection":[{"href":"https:\/\/figaroslisboa.com\/pt-pt\/wp-json\/wp\/v2\/product"}],"about":[{"href":"https:\/\/figaroslisboa.com\/pt-pt\/wp-json\/wp\/v2\/types\/product"}],"wp:featuredmedia":[{"embeddable":true,"href":"https:\/\/figaroslisboa.com\/pt-pt\/wp-json\/wp\/v2\/media\/452862"}],"wp:attachment":[{"href":"https:\/\/figaroslisboa.com\/pt-pt\/wp-json\/wp\/v2\/media?parent=377134"}],"wp:term":[{"taxonomy":"product_brand","embeddable":true,"href":"https:\/\/figaroslisboa.com\/pt-pt\/wp-json\/wp\/v2\/product_brand?post=377134"},{"taxonomy":"product_cat","embeddable":true,"href":"https:\/\/figaroslisboa.com\/pt-pt\/wp-json\/wp\/v2\/product_cat?post=377134"},{"taxonomy":"product_tag","embeddable":true,"href":"https:\/\/figaroslisboa.com\/pt-pt\/wp-json\/wp\/v2\/product_tag?post=377134"}],"curies":[{"name":"wp","href":"https:\/\/api.w.org\/{rel}","templated":true}]}}